{"id":128,"date":"2025-03-16T09:18:59","date_gmt":"2025-03-16T12:18:59","guid":{"rendered":"https:\/\/pousadaplataforma.com.br\/?page_id=128"},"modified":"2025-03-16T09:21:57","modified_gmt":"2025-03-16T12:21:57","slug":"localizacao","status":"publish","type":"page","link":"https:\/\/pousadaplataforma.com.br\/index.php\/localizacao\/","title":{"rendered":"Localiza\u00e7\u00e3o"},"content":{"rendered":"<p><strong>Endere\u00e7o:<\/strong> Av. Gov. M\u00e1rio Covas J\u00fanior, 10240 - Balne\u00e1rio Agenor de Campos, Mongagu\u00e1 - SP, 11730-000<br \/>\n<strong>Telefone:<\/strong> (13) 3446-1844<\/p>\n<p><iframe loading=\"lazy\" style=\"border: 0;\" src=\"https:\/\/www.google.com\/maps\/embed?pb=!1m18!1m12!1m3!1d3641.083254230121!2d-46.69394449999999!3d-24.1337142!2m3!1f0!2f0!3f0!3m2!1i1024!2i768!4f13.1!3m3!1m2!1s0x94ce28239f35a619%3A0x81eb820579731612!2sPousada%20Plataforma!5e0!3m2!1spt-BR!2sbr!4v1742127483928!5m2!1spt-BR!2sbr\" width=\"100%\" height=\"950\" allowfullscreen=\"allowfullscreen\"><span data-mce-type=\"bookmark\" style=\"display: inline-block; width: 0px; overflow: hidden; line-height: 0;\" class=\"mce_SELRES_start\">\ufeff<\/span><\/iframe><\/p>\n<h2>Hor\u00e1rio de funcionamento:<\/h2>\n<p>domingo Atendimento 24 horas<br \/>\nsegunda-feira Atendimento 24 horas<br \/>\nter\u00e7a-feira Atendimento 24 horas<br \/>\nquarta-feira Atendimento 24 horas<br \/>\nquinta-feira Atendimento 24 horas<br \/>\nsexta-feira Atendimento 24 horas<br \/>\ns\u00e1bado Atendimento 24 horas<\/p>\n","protected":false},"excerpt":{"rendered":"<p>Endere\u00e7o: Av. Gov. M\u00e1rio Covas J\u00fanior, 10240 &#8211; Balne\u00e1rio Agenor de Campos, Mongagu\u00e1 &#8211; SP, 11730-000 Telefone: (13) 3446-1844 \ufeff Hor\u00e1rio de funcionamento: domingo Atendimento 24 horas segunda-feira Atendimento 24 horas ter\u00e7a-feira Atendimento 24 horas quarta-feira Atendimento 24 horas quinta-feira Atendimento 24 horas sexta-feira Atendimento 24 horas s\u00e1bado Atendimento 24 horas<\/p>\n","protected":false},"author":1,"featured_media":0,"parent":0,"menu_order":0,"comment_status":"closed","ping_status":"closed","template":"","meta":{"footnotes":""},"class_list":["post-128","page","type-page","status-publish","hentry"],"yoast_head":"<!-- This site is optimized with the Yoast SEO plugin v24.6 - https:\/\/yoast.com\/wordpress\/plugins\/seo\/ -->\n<title>Localiza\u00e7\u00e3o - Pousada Plataforma<\/title>\n<meta name=\"robots\" content=\"index, follow, max-snippet:-1, max-image-preview:large, max-video-preview:-1\" \/>\n<link rel=\"canonical\" href=\"https:\/\/pousadaplataforma.com.br\/index.php\/localizacao\/\" \/>\n<meta property=\"og:locale\" content=\"pt_BR\" \/>\n<meta property=\"og:type\" content=\"article\" \/>\n<meta property=\"og:title\" content=\"Localiza\u00e7\u00e3o - Pousada Plataforma\" \/>\n<meta property=\"og:description\" content=\"Endere\u00e7o: Av. Gov. M\u00e1rio Covas J\u00fanior, 10240 - Balne\u00e1rio Agenor de Campos, Mongagu\u00e1 - SP, 11730-000 Telefone: (13) 3446-1844 \ufeff Hor\u00e1rio de funcionamento: domingo Atendimento 24 horas segunda-feira Atendimento 24 horas ter\u00e7a-feira Atendimento 24 horas quarta-feira Atendimento 24 horas quinta-feira Atendimento 24 horas sexta-feira Atendimento 24 horas s\u00e1bado Atendimento 24 horas\" \/>\n<meta property=\"og:url\" content=\"https:\/\/pousadaplataforma.com.br\/index.php\/localizacao\/\" \/>\n<meta property=\"og:site_name\" content=\"Pousada Plataforma\" \/>\n<meta property=\"article:modified_time\" content=\"2025-03-16T12:21:57+00:00\" \/>\n<meta name=\"twitter:card\" content=\"summary_large_image\" \/>\n<meta name=\"twitter:label1\" content=\"Est. tempo de leitura\" \/>\n\t<meta name=\"twitter:data1\" content=\"1 minuto\" \/>\n<script type=\"application\/ld+json\" class=\"yoast-schema-graph\">{\"@context\":\"https:\/\/schema.org\",\"@graph\":[{\"@type\":\"WebPage\",\"@id\":\"https:\/\/pousadaplataforma.com.br\/index.php\/localizacao\/\",\"url\":\"https:\/\/pousadaplataforma.com.br\/index.php\/localizacao\/\",\"name\":\"Localiza\u00e7\u00e3o - Pousada Plataforma\",\"isPartOf\":{\"@id\":\"http:\/\/pousadaplataforma.com.br\/#website\"},\"datePublished\":\"2025-03-16T12:18:59+00:00\",\"dateModified\":\"2025-03-16T12:21:57+00:00\",\"breadcrumb\":{\"@id\":\"https:\/\/pousadaplataforma.com.br\/index.php\/localizacao\/#breadcrumb\"},\"inLanguage\":\"pt-BR\",\"potentialAction\":[{\"@type\":\"ReadAction\",\"target\":[\"https:\/\/pousadaplataforma.com.br\/index.php\/localizacao\/\"]}]},{\"@type\":\"BreadcrumbList\",\"@id\":\"https:\/\/pousadaplataforma.com.br\/index.php\/localizacao\/#breadcrumb\",\"itemListElement\":[{\"@type\":\"ListItem\",\"position\":1,\"name\":\"Home\",\"item\":\"https:\/\/pousadaplataforma.com.br\/\"},{\"@type\":\"ListItem\",\"position\":2,\"name\":\"Localiza\u00e7\u00e3o\"}]},{\"@type\":\"WebSite\",\"@id\":\"http:\/\/pousadaplataforma.com.br\/#website\",\"url\":\"http:\/\/pousadaplataforma.com.br\/\",\"name\":\"Pousada Plataforma\",\"description\":\"Pousada Plataforma\",\"potentialAction\":[{\"@type\":\"SearchAction\",\"target\":{\"@type\":\"EntryPoint\",\"urlTemplate\":\"http:\/\/pousadaplataforma.com.br\/?s={search_term_string}\"},\"query-input\":{\"@type\":\"PropertyValueSpecification\",\"valueRequired\":true,\"valueName\":\"search_term_string\"}}],\"inLanguage\":\"pt-BR\"}]}<\/script>\n<!-- \/ Yoast SEO plugin. -->","yoast_head_json":{"title":"Localiza\u00e7\u00e3o - Pousada Plataforma","robots":{"index":"index","follow":"follow","max-snippet":"max-snippet:-1","max-image-preview":"max-image-preview:large","max-video-preview":"max-video-preview:-1"},"canonical":"https:\/\/pousadaplataforma.com.br\/index.php\/localizacao\/","og_locale":"pt_BR","og_type":"article","og_title":"Localiza\u00e7\u00e3o - Pousada Plataforma","og_description":"Endere\u00e7o: Av. Gov. M\u00e1rio Covas J\u00fanior, 10240 - Balne\u00e1rio Agenor de Campos, Mongagu\u00e1 - SP, 11730-000 Telefone: (13) 3446-1844 \ufeff Hor\u00e1rio de funcionamento: domingo Atendimento 24 horas segunda-feira Atendimento 24 horas ter\u00e7a-feira Atendimento 24 horas quarta-feira Atendimento 24 horas quinta-feira Atendimento 24 horas sexta-feira Atendimento 24 horas s\u00e1bado Atendimento 24 horas","og_url":"https:\/\/pousadaplataforma.com.br\/index.php\/localizacao\/","og_site_name":"Pousada Plataforma","article_modified_time":"2025-03-16T12:21:57+00:00","twitter_card":"summary_large_image","twitter_misc":{"Est. tempo de leitura":"1 minuto"},"schema":{"@context":"https:\/\/schema.org","@graph":[{"@type":"WebPage","@id":"https:\/\/pousadaplataforma.com.br\/index.php\/localizacao\/","url":"https:\/\/pousadaplataforma.com.br\/index.php\/localizacao\/","name":"Localiza\u00e7\u00e3o - Pousada Plataforma","isPartOf":{"@id":"http:\/\/pousadaplataforma.com.br\/#website"},"datePublished":"2025-03-16T12:18:59+00:00","dateModified":"2025-03-16T12:21:57+00:00","breadcrumb":{"@id":"https:\/\/pousadaplataforma.com.br\/index.php\/localizacao\/#breadcrumb"},"inLanguage":"pt-BR","potentialAction":[{"@type":"ReadAction","target":["https:\/\/pousadaplataforma.com.br\/index.php\/localizacao\/"]}]},{"@type":"BreadcrumbList","@id":"https:\/\/pousadaplataforma.com.br\/index.php\/localizacao\/#breadcrumb","itemListElement":[{"@type":"ListItem","position":1,"name":"Home","item":"https:\/\/pousadaplataforma.com.br\/"},{"@type":"ListItem","position":2,"name":"Localiza\u00e7\u00e3o"}]},{"@type":"WebSite","@id":"http:\/\/pousadaplataforma.com.br\/#website","url":"http:\/\/pousadaplataforma.com.br\/","name":"Pousada Plataforma","description":"Pousada Plataforma","potentialAction":[{"@type":"SearchAction","target":{"@type":"EntryPoint","urlTemplate":"http:\/\/pousadaplataforma.com.br\/?s={search_term_string}"},"query-input":{"@type":"PropertyValueSpecification","valueRequired":true,"valueName":"search_term_string"}}],"inLanguage":"pt-BR"}]}},"_links":{"self":[{"href":"https:\/\/pousadaplataforma.com.br\/index.php\/wp-json\/wp\/v2\/pages\/128","targetHints":{"allow":["GET"]}}],"collection":[{"href":"https:\/\/pousadaplataforma.com.br\/index.php\/wp-json\/wp\/v2\/pages"}],"about":[{"href":"https:\/\/pousadaplataforma.com.br\/index.php\/wp-json\/wp\/v2\/types\/page"}],"author":[{"embeddable":true,"href":"https:\/\/pousadaplataforma.com.br\/index.php\/wp-json\/wp\/v2\/users\/1"}],"replies":[{"embeddable":true,"href":"https:\/\/pousadaplataforma.com.br\/index.php\/wp-json\/wp\/v2\/comments?post=128"}],"version-history":[{"count":4,"href":"https:\/\/pousadaplataforma.com.br\/index.php\/wp-json\/wp\/v2\/pages\/128\/revisions"}],"predecessor-version":[{"id":133,"href":"https:\/\/pousadaplataforma.com.br\/index.php\/wp-json\/wp\/v2\/pages\/128\/revisions\/133"}],"wp:attachment":[{"href":"https:\/\/pousadaplataforma.com.br\/index.php\/wp-json\/wp\/v2\/media?parent=128"}],"curies":[{"name":"wp","href":"https:\/\/api.w.org\/{rel}","templated":true}]}}